{"id":1179,"date":"2022-02-26T04:05:37","date_gmt":"2022-02-26T04:05:37","guid":{"rendered":"https:\/\/demo.casethemes.net\/mindset\/?page_id=1179"},"modified":"2026-02-27T13:42:50","modified_gmt":"2026-02-27T12:42:50","slug":"serviciile-mele","status":"publish","type":"page","link":"https:\/\/ruhepraxis.ch\/ro\/serviciile-mele\/","title":{"rendered":"Serviciile mele"},"content":{"rendered":"\t\t<div data-elementor-type=\"wp-page\" data-elementor-id=\"1179\" class=\"elementor elementor-1179\">\n\t\t\t\t        <section class=\"elementor-section elementor-top-section elementor-element elementor-element-b0cd3b7 elementor-section-stretched elementor-section-boxed elementor-section-height-default elementor-section-height-default ct-header-fixed-none ct-column-none ct-row-scroll-none ct-row-gradient--none ct-row-container--default\" data-id=\"b0cd3b7\" data-element_type=\"section\" data-e-type=\"section\" data-settings=\"{&quot;stretch_section&quot;:&quot;section-stretched&quot;}\">\n            \n                        <div class=\"elementor-container elementor-column-gap-extended \">\n                    <div class=\"elementor-column elementor-col-100 elementor-top-column elementor-element elementor-element-b3f80f9 ct-column-none col-offset-none\" data-id=\"b3f80f9\" data-element_type=\"column\" data-e-type=\"column\">\n        <div class=\"elementor-widget-wrap elementor-element-populated\">\n                    \n        \t\t<div class=\"elementor-element elementor-element-9e58f28 elementor-widget elementor-widget-ct_text_editor\" data-id=\"9e58f28\" data-element_type=\"widget\" data-e-type=\"widget\" data-widget_type=\"ct_text_editor.default\">\n\t\t\t\t<div class=\"elementor-widget-container\">\n\t\t\t\t\t<div id=\"ct_text_editor-9e58f28\" class=\"ct-text-editor \" data-wow-delay=\"ms\">\n\t<div class=\"ct-inline-css\"  data-css=\"\n        \t\t\">\n    <\/div>\n\t<div class=\"ct-text-editor elementor-clearfix\">\n\t\t<p>\u00cen practica mea, te \u00eenso\u021besc cu grij\u0103 \u0219i prezen\u021b\u0103 \u00een procesul t\u0103u de transformare interioar\u0103. <\/p><p>Indiferent dac\u0103 te confrun\u021bi cu anxietate, triste\u021be, blocaje emo\u021bionale sau pur \u0219i simplu sim\u021bi c\u0103 ceva nu mai func\u021bioneaz\u0103 la fel ca \u00eenainte, \u00eempreun\u0103 putem privi \u00een profunzime \u0219i g\u0103si direc\u021bia potrivit\u0103 pentru tine.<\/p><p><strong><span class=\"TextRun SCXW172089560 BCX0\" data-contrast=\"auto\"><span class=\"NormalTextRun SCXW172089560 BCX0\">Servicii terapeutice<\/span><\/span>:<\/strong><\/p><p><span class=\"TextRun SCXW104179227 BCX0\" data-contrast=\"auto\"><span class=\"NormalTextRun SCXW104179227 BCX0\">Lucrez cu persoane care trec prin momente solicitante, confuze sau dureroase din via\u021ba lor, precum<\/span><\/span>:<\/p><ul><li><span class=\"TextRun SCXW110755159 BCX0\" data-contrast=\"auto\"><span class=\"NormalTextRun SCXW110755159 BCX0\">anxietate, atacuri de panic\u0103 \u0219i \u00eengrijorare excesiv\u0103<\/span><\/span><span class=\"EOP SCXW110755159 BCX0\" data-ccp-props=\"{}\">\u00a0<\/span><\/li><li><span class=\"TextRun SCXW229994311 BCX0\" data-contrast=\"auto\"><span class=\"NormalTextRun SCXW229994311 BCX0\">burnout, epuizare emo\u021bional\u0103 \u0219i dificult\u0103\u021bi legate de stres<\/span><\/span><span class=\"EOP SCXW229994311 BCX0\" data-ccp-props=\"{}\">\u00a0<\/span><\/li><li><span class=\"TextRun SCXW25978664 BCX0\" data-contrast=\"auto\"><span class=\"NormalTextRun SCXW25978664 BCX0\">depresie \u0219i st\u0103ri de triste\u021be prelungit\u0103<\/span><\/span><span class=\"EOP SCXW25978664 BCX0\" data-ccp-props=\"{}\">\u00a0<\/span><\/li><li><span class=\"TextRun SCXW254828159 BCX0\" data-contrast=\"auto\"><span class=\"NormalTextRun SCXW254828159 BCX0\">probleme de stim\u0103 de sine \u0219i dificult\u0103\u021bi \u00een rela\u021bii<\/span><\/span><\/li><li><span class=\"TextRun SCXW114673254 BCX0\" data-contrast=\"auto\"><span class=\"NormalTextRun SCXW114673254 BCX0\">simptome psihosomatice<\/span><\/span><span class=\"EOP SCXW114673254 BCX0\" data-ccp-props=\"{}\">\u00a0<\/span><\/li><li><span class=\"TextRun SCXW21449381 BCX0\" data-contrast=\"auto\"><span class=\"NormalTextRun SCXW21449381 BCX0\">pierdere, doliu, desp\u0103r\u021bire, divor\u021b, crize existen\u021biale<\/span><\/span><span class=\"EOP SCXW21449381 BCX0\" data-ccp-props=\"{}\">\u00a0<\/span><\/li><li><span class=\"TextRun SCXW262090380 BCX0\" data-contrast=\"auto\"><span class=\"NormalTextRun SCXW262090380 BCX0\">provoc\u0103ri legate de\u00a0<\/span><span class=\"NormalTextRun SCXW262090380 BCX0\">dezradacinare<\/span><span class=\"NormalTextRun SCXW262090380 BCX0\">\u00a0\u0219i adaptare<\/span><\/span><span class=\"EOP SCXW262090380 BCX0\" data-ccp-props=\"{}\">\u00a0<\/span><\/li><li><span class=\"TextRun SCXW201631060 BCX0\" data-contrast=\"auto\"><span class=\"NormalTextRun SCXW201631060 BCX0\">consiliere de cuplu \u0219i familie<\/span><\/span><span class=\"EOP SCXW201631060 BCX0\" data-ccp-props=\"{}\">\u00a0<\/span><\/li><li><span class=\"TextRun SCXW29406488 BCX0\" data-contrast=\"auto\"><span class=\"NormalTextRun SCXW29406488 BCX0\">tulbur\u0103ri de alimenta\u021bie<\/span><\/span><span class=\"EOP SCXW29406488 BCX0\" data-ccp-props=\"{}\">\u00a0<\/span><\/li><li><span class=\"TextRun SCXW65907049 BCX0\" data-contrast=\"auto\"><span class=\"NormalTextRun SCXW65907049 BCX0\">dificult\u0103\u021bi emo\u021bionale legate de menopauz\u0103 \u0219i perimenopauz\u0103<\/span><\/span><span class=\"EOP SCXW65907049 BCX0\" data-ccp-props=\"{}\">\u00a0<\/span><\/li><\/ul><p><span class=\"TextRun SCXW101079302 BCX0\" data-contrast=\"auto\"><span class=\"NormalTextRun SCXW101079302 BCX0\">Abordarea mea este mereu centrat\u0103 pe om, pe povestea sa unic\u0103 \u0219i pe ritmul \u00een care poate merge \u00eenainte.<\/span><\/span>.<\/p><p><span class=\"TextRun SCXW143058202 BCX0\" data-contrast=\"auto\"><span class=\"NormalTextRun SCXW143058202 BCX0\">Ofer sedinte de terapie \u00een\u00a0<\/span><\/span><span class=\"TextRun SCXW143058202 BCX0\" data-contrast=\"auto\"><span class=\"NormalTextRun SCXW143058202 BCX0\">rom\u00e2n\u0103, german\u0103 \u0219i englez\u0103<\/span><\/span>.<\/p>\t\t\n\t<\/div>\n<\/div>\t\t\t\t<\/div>\n\t\t\t\t<\/div>\n\t\t            <\/div>\n        <\/div>\n                    <\/div>\n        <\/section>\n        \t\t<\/div>\n\t\t","protected":false},"excerpt":{"rendered":"<p>\u00cen practica mea, te \u00eenso\u021besc cu grij\u0103 \u0219i prezen\u021b\u0103 \u00een procesul t\u0103u de transformare interioar\u0103. Indiferent dac\u0103 te confrun\u021bi cu anxietate, triste\u021be, blocaje emo\u021bionale sau pur \u0219i simplu sim\u021bi c\u0103 ceva nu mai func\u021bioneaz\u0103 la fel ca \u00eenainte, \u00eempreun\u0103 putem privi \u00een profunzime \u0219i g\u0103si direc\u021bia potrivit\u0103 pentru tine. Servicii terapeutice: Lucrez cu persoane care [&hellip;]<\/p>\n","protected":false},"author":1,"featured_media":0,"parent":0,"menu_order":0,"comment_status":"closed","ping_status":"closed","template":"","meta":{"footnotes":""},"class_list":["post-1179","page","type-page","status-publish","hentry"],"yoast_head":"<!-- This site is optimized with the Yoast SEO plugin v27.2 - https:\/\/yoast.com\/product\/yoast-seo-wordpress\/ -->\n<title>Servicii | Psihoterapie, Coaching &amp; Neuropsihologie \u00een Z\u00fcrich<\/title>\n<meta name=\"description\" content=\"Descoper\u0103 psihoterapia, coachingul \u0219i neuropsihologia \u00een Z\u00fcrich (8006) \u0219i online. \u0218edin\u021be \u00een rom\u00e2n\u0103, german\u0103 \u0219i englez\u0103. Consulta\u021bie ini\u021bial\u0103.\" \/>\n<meta name=\"robots\" content=\"index, follow, max-snippet:-1, max-image-preview:large, max-video-preview:-1\" \/>\n<link rel=\"canonical\" href=\"https:\/\/ruhepraxis.ch\/ro\/serviciile-mele\/\" \/>\n<meta property=\"og:locale\" content=\"ro_RO\" \/>\n<meta property=\"og:type\" content=\"article\" \/>\n<meta property=\"og:title\" content=\"Servicii | Psihoterapie, Coaching &amp; Neuropsihologie \u00een Z\u00fcrich\" \/>\n<meta property=\"og:description\" content=\"Descoper\u0103 psihoterapia, coachingul \u0219i neuropsihologia \u00een Z\u00fcrich (8006) \u0219i online. \u0218edin\u021be \u00een rom\u00e2n\u0103, german\u0103 \u0219i englez\u0103. Consulta\u021bie ini\u021bial\u0103.\" \/>\n<meta property=\"og:url\" content=\"https:\/\/ruhepraxis.ch\/ro\/serviciile-mele\/\" \/>\n<meta property=\"og:site_name\" content=\"Psihoterapie | G\u0103sirea lini\u0219tii interioare | Catalina Parau\" \/>\n<meta property=\"article:modified_time\" content=\"2026-02-27T12:42:50+00:00\" \/>\n<meta property=\"og:image\" content=\"https:\/\/ruhepraxis.ch\/ro\/wp-content\/uploads\/2022\/01\/logogreen.png\" \/>\n\t<meta property=\"og:image:width\" content=\"912\" \/>\n\t<meta property=\"og:image:height\" content=\"278\" \/>\n\t<meta property=\"og:image:type\" content=\"image\/png\" \/>\n<meta name=\"twitter:card\" content=\"summary_large_image\" \/>\n<meta name=\"twitter:label1\" content=\"Timp estimat pentru citire\" \/>\n\t<meta name=\"twitter:data1\" content=\"1 minut\" \/>\n<script type=\"application\/ld+json\" class=\"yoast-schema-graph\">{\"@context\":\"https:\/\/schema.org\",\"@graph\":[{\"@type\":\"WebPage\",\"@id\":\"https:\/\/ruhepraxis.ch\/ro\/serviciile-mele\/\",\"url\":\"https:\/\/ruhepraxis.ch\/ro\/serviciile-mele\/\",\"name\":\"Servicii | Psihoterapie, Coaching & Neuropsihologie \u00een Z\u00fcrich\",\"isPartOf\":{\"@id\":\"https:\/\/ruhepraxis.ch\/ro\/#website\"},\"datePublished\":\"2022-02-26T04:05:37+00:00\",\"dateModified\":\"2026-02-27T12:42:50+00:00\",\"description\":\"Descoper\u0103 psihoterapia, coachingul \u0219i neuropsihologia \u00een Z\u00fcrich (8006) \u0219i online. \u0218edin\u021be \u00een rom\u00e2n\u0103, german\u0103 \u0219i englez\u0103. Consulta\u021bie ini\u021bial\u0103.\",\"breadcrumb\":{\"@id\":\"https:\/\/ruhepraxis.ch\/ro\/serviciile-mele\/#breadcrumb\"},\"inLanguage\":\"ro-RO\",\"potentialAction\":[{\"@type\":\"ReadAction\",\"target\":[\"https:\/\/ruhepraxis.ch\/ro\/serviciile-mele\/\"]}]},{\"@type\":\"BreadcrumbList\",\"@id\":\"https:\/\/ruhepraxis.ch\/ro\/serviciile-mele\/#breadcrumb\",\"itemListElement\":[{\"@type\":\"ListItem\",\"position\":1,\"name\":\"Startseite\",\"item\":\"https:\/\/ruhepraxis.ch\/ro\/\"},{\"@type\":\"ListItem\",\"position\":2,\"name\":\"Serviciile mele\"}]},{\"@type\":\"WebSite\",\"@id\":\"https:\/\/ruhepraxis.ch\/ro\/#website\",\"url\":\"https:\/\/ruhepraxis.ch\/ro\/\",\"name\":\"Ruhepraxis\",\"description\":\"Psihoterapie, coaching \u0219i neuropsihologie \u00een Z\u00fcrich\",\"publisher\":{\"@id\":\"https:\/\/ruhepraxis.ch\/ro\/#\/schema\/person\/82cbfcfe8cda4254fa5e61e2d1e5ee29\"},\"alternateName\":\"Ruhepraxis Z\u00fcrich\",\"potentialAction\":[{\"@type\":\"SearchAction\",\"target\":{\"@type\":\"EntryPoint\",\"urlTemplate\":\"https:\/\/ruhepraxis.ch\/ro\/?s={search_term_string}\"},\"query-input\":{\"@type\":\"PropertyValueSpecification\",\"valueRequired\":true,\"valueName\":\"search_term_string\"}}],\"inLanguage\":\"ro-RO\"},{\"@type\":[\"Person\",\"Organization\"],\"@id\":\"https:\/\/ruhepraxis.ch\/ro\/#\/schema\/person\/82cbfcfe8cda4254fa5e61e2d1e5ee29\",\"name\":\"Catalina Parau\",\"image\":{\"@type\":\"ImageObject\",\"inLanguage\":\"ro-RO\",\"@id\":\"https:\/\/ruhepraxis.ch\/ro\/wp-content\/uploads\/2026\/02\/Catalina.webp\",\"url\":\"https:\/\/ruhepraxis.ch\/ro\/wp-content\/uploads\/2026\/02\/Catalina.webp\",\"contentUrl\":\"https:\/\/ruhepraxis.ch\/ro\/wp-content\/uploads\/2026\/02\/Catalina.webp\",\"width\":599,\"height\":820,\"caption\":\"Catalina Parau\"},\"logo\":{\"@id\":\"https:\/\/ruhepraxis.ch\/ro\/wp-content\/uploads\/2026\/02\/Catalina.webp\"},\"sameAs\":[\"https:\/\/ruhepraxis.ch\/ro\"]}]}<\/script>\n<!-- \/ Yoast SEO plugin. -->","yoast_head_json":{"title":"Servicii | Psihoterapie, Coaching & Neuropsihologie \u00een Z\u00fcrich","description":"Descoper\u0103 psihoterapia, coachingul \u0219i neuropsihologia \u00een Z\u00fcrich (8006) \u0219i online. \u0218edin\u021be \u00een rom\u00e2n\u0103, german\u0103 \u0219i englez\u0103. Consulta\u021bie ini\u021bial\u0103.","robots":{"index":"index","follow":"follow","max-snippet":"max-snippet:-1","max-image-preview":"max-image-preview:large","max-video-preview":"max-video-preview:-1"},"canonical":"https:\/\/ruhepraxis.ch\/ro\/serviciile-mele\/","og_locale":"ro_RO","og_type":"article","og_title":"Servicii | Psihoterapie, Coaching & Neuropsihologie \u00een Z\u00fcrich","og_description":"Descoper\u0103 psihoterapia, coachingul \u0219i neuropsihologia \u00een Z\u00fcrich (8006) \u0219i online. \u0218edin\u021be \u00een rom\u00e2n\u0103, german\u0103 \u0219i englez\u0103. Consulta\u021bie ini\u021bial\u0103.","og_url":"https:\/\/ruhepraxis.ch\/ro\/serviciile-mele\/","og_site_name":"Psihoterapie | G\u0103sirea lini\u0219tii interioare | Catalina Parau","article_modified_time":"2026-02-27T12:42:50+00:00","og_image":[{"width":912,"height":278,"url":"https:\/\/ruhepraxis.ch\/ro\/wp-content\/uploads\/2022\/01\/logogreen.png","type":"image\/png"}],"twitter_card":"summary_large_image","twitter_misc":{"Timp estimat pentru citire":"1 minut"},"schema":{"@context":"https:\/\/schema.org","@graph":[{"@type":"WebPage","@id":"https:\/\/ruhepraxis.ch\/ro\/serviciile-mele\/","url":"https:\/\/ruhepraxis.ch\/ro\/serviciile-mele\/","name":"Servicii | Psihoterapie, Coaching & Neuropsihologie \u00een Z\u00fcrich","isPartOf":{"@id":"https:\/\/ruhepraxis.ch\/ro\/#website"},"datePublished":"2022-02-26T04:05:37+00:00","dateModified":"2026-02-27T12:42:50+00:00","description":"Descoper\u0103 psihoterapia, coachingul \u0219i neuropsihologia \u00een Z\u00fcrich (8006) \u0219i online. \u0218edin\u021be \u00een rom\u00e2n\u0103, german\u0103 \u0219i englez\u0103. Consulta\u021bie ini\u021bial\u0103.","breadcrumb":{"@id":"https:\/\/ruhepraxis.ch\/ro\/serviciile-mele\/#breadcrumb"},"inLanguage":"ro-RO","potentialAction":[{"@type":"ReadAction","target":["https:\/\/ruhepraxis.ch\/ro\/serviciile-mele\/"]}]},{"@type":"BreadcrumbList","@id":"https:\/\/ruhepraxis.ch\/ro\/serviciile-mele\/#breadcrumb","itemListElement":[{"@type":"ListItem","position":1,"name":"Startseite","item":"https:\/\/ruhepraxis.ch\/ro\/"},{"@type":"ListItem","position":2,"name":"Serviciile mele"}]},{"@type":"WebSite","@id":"https:\/\/ruhepraxis.ch\/ro\/#website","url":"https:\/\/ruhepraxis.ch\/ro\/","name":"Ruhepraxis","description":"Psihoterapie, coaching \u0219i neuropsihologie \u00een Z\u00fcrich","publisher":{"@id":"https:\/\/ruhepraxis.ch\/ro\/#\/schema\/person\/82cbfcfe8cda4254fa5e61e2d1e5ee29"},"alternateName":"Ruhepraxis Z\u00fcrich","potentialAction":[{"@type":"SearchAction","target":{"@type":"EntryPoint","urlTemplate":"https:\/\/ruhepraxis.ch\/ro\/?s={search_term_string}"},"query-input":{"@type":"PropertyValueSpecification","valueRequired":true,"valueName":"search_term_string"}}],"inLanguage":"ro-RO"},{"@type":["Person","Organization"],"@id":"https:\/\/ruhepraxis.ch\/ro\/#\/schema\/person\/82cbfcfe8cda4254fa5e61e2d1e5ee29","name":"Catalina Parau","image":{"@type":"ImageObject","inLanguage":"ro-RO","@id":"https:\/\/ruhepraxis.ch\/ro\/wp-content\/uploads\/2026\/02\/Catalina.webp","url":"https:\/\/ruhepraxis.ch\/ro\/wp-content\/uploads\/2026\/02\/Catalina.webp","contentUrl":"https:\/\/ruhepraxis.ch\/ro\/wp-content\/uploads\/2026\/02\/Catalina.webp","width":599,"height":820,"caption":"Catalina Parau"},"logo":{"@id":"https:\/\/ruhepraxis.ch\/ro\/wp-content\/uploads\/2026\/02\/Catalina.webp"},"sameAs":["https:\/\/ruhepraxis.ch\/ro"]}]}},"_links":{"self":[{"href":"https:\/\/ruhepraxis.ch\/ro\/wp-json\/wp\/v2\/pages\/1179","targetHints":{"allow":["GET"]}}],"collection":[{"href":"https:\/\/ruhepraxis.ch\/ro\/wp-json\/wp\/v2\/pages"}],"about":[{"href":"https:\/\/ruhepraxis.ch\/ro\/wp-json\/wp\/v2\/types\/page"}],"author":[{"embeddable":true,"href":"https:\/\/ruhepraxis.ch\/ro\/wp-json\/wp\/v2\/users\/1"}],"replies":[{"embeddable":true,"href":"https:\/\/ruhepraxis.ch\/ro\/wp-json\/wp\/v2\/comments?post=1179"}],"version-history":[{"count":15,"href":"https:\/\/ruhepraxis.ch\/ro\/wp-json\/wp\/v2\/pages\/1179\/revisions"}],"predecessor-version":[{"id":7304,"href":"https:\/\/ruhepraxis.ch\/ro\/wp-json\/wp\/v2\/pages\/1179\/revisions\/7304"}],"wp:attachment":[{"href":"https:\/\/ruhepraxis.ch\/ro\/wp-json\/wp\/v2\/media?parent=1179"}],"curies":[{"name":"wp","href":"https:\/\/api.w.org\/{rel}","templated":true}]}}