{"id":12,"date":"2022-01-21T12:44:12","date_gmt":"2022-01-21T12:44:12","guid":{"rendered":"https:\/\/demo.casethemes.net\/mindset\/?page_id=12"},"modified":"2026-02-27T13:43:20","modified_gmt":"2026-02-27T12:43:20","slug":"conditii","status":"publish","type":"page","link":"https:\/\/ruhepraxis.ch\/ro\/conditii\/","title":{"rendered":"Condi\u021bii"},"content":{"rendered":"\t\t<div data-elementor-type=\"wp-page\" data-elementor-id=\"12\" class=\"elementor elementor-12\">\n\t\t\t\t        <section class=\"elementor-section elementor-top-section elementor-element elementor-element-c8fd2ca elementor-section-stretched elementor-section-boxed elementor-section-height-default elementor-section-height-default ct-header-fixed-none ct-column-none ct-row-scroll-none ct-row-gradient--none ct-row-container--default\" data-id=\"c8fd2ca\" data-element_type=\"section\" data-e-type=\"section\" data-settings=\"{&quot;stretch_section&quot;:&quot;section-stretched&quot;,&quot;background_background&quot;:&quot;classic&quot;}\">\n            \n                        <div class=\"elementor-container elementor-column-gap-extended \">\n                    <div class=\"elementor-column elementor-col-100 elementor-top-column elementor-element elementor-element-3773b0d ct-column-none col-offset-none\" data-id=\"3773b0d\" data-element_type=\"column\" data-e-type=\"column\">\n        <div class=\"elementor-widget-wrap elementor-element-populated\">\n                    \n        \t\t<div class=\"elementor-element elementor-element-0b7a23a elementor-widget elementor-widget-ct_text_editor\" data-id=\"0b7a23a\" data-element_type=\"widget\" data-e-type=\"widget\" data-widget_type=\"ct_text_editor.default\">\n\t\t\t\t<div class=\"elementor-widget-container\">\n\t\t\t\t\t<div id=\"ct_text_editor-0b7a23a\" class=\"ct-text-editor \" data-wow-delay=\"ms\">\n\t<div class=\"ct-inline-css\"  data-css=\"\n        \t\t\">\n    <\/div>\n\t<div class=\"ct-text-editor elementor-clearfix\">\n\t\t<p>Din 1 iulie 2022, asigurarea de baz\u0103 acoper\u0103 costurile pentru psihoterapia psihologic\u0103 dac\u0103 aceasta este recomandat\u0103 de un medic.<\/p><p>Exist\u0103 dou\u0103 op\u021biuni pentru a urma terapia: fie prin casa de s\u0103n\u0103tate, pe baza unei recomand\u0103ri de la medic, fie ca pacient privat ce isi suporta singur costurile. \u00cen varianta in care iti platesti tu sedintele nu este nevoie de trimitere medical\u0103, ai libertatea de a alege \u0219i ai acces la \u00eentreaga gam\u0103 de servicii psihoterapeutice.<\/p><p>Indiferent de metoda aleas\u0103, e\u0219ti binevenit\/\u0103 la mine.<\/p><p>Dac\u0103 nu pute\u021bi participa la o \u0219edin\u021b\u0103 programat\u0103, v\u0103 rog s\u0103 anula\u021bi sau s\u0103 reprograma\u021bi cu cel pu\u021bin 48 de ore \u00eenainte. \u00cen caz contrar, va fi perceput\u0103 o tax\u0103 pentru neprezentare<\/p>\t\t\n\t<\/div>\n<\/div>\t\t\t\t<\/div>\n\t\t\t\t<\/div>\n\t\t            <\/div>\n        <\/div>\n                    <\/div>\n        <\/section>\n        \t\t<\/div>\n\t\t","protected":false},"excerpt":{"rendered":"<p>Din 1 iulie 2022, asigurarea de baz\u0103 acoper\u0103 costurile pentru psihoterapia psihologic\u0103 dac\u0103 aceasta este recomandat\u0103 de un medic. Exist\u0103 dou\u0103 op\u021biuni pentru a urma terapia: fie prin casa de s\u0103n\u0103tate, pe baza unei recomand\u0103ri de la medic, fie ca pacient privat ce isi suporta singur costurile. \u00cen varianta in care iti platesti tu sedintele [&hellip;]<\/p>\n","protected":false},"author":1,"featured_media":0,"parent":0,"menu_order":0,"comment_status":"closed","ping_status":"closed","template":"","meta":{"footnotes":""},"class_list":["post-12","page","type-page","status-publish","hentry"],"yoast_head":"<!-- This site is optimized with the Yoast SEO plugin v27.2 - https:\/\/yoast.com\/product\/yoast-seo-wordpress\/ -->\n<title>Tarife &amp; Condi\u021bii | Psihoterapie \u00een Z\u00fcrich<\/title>\n<meta name=\"description\" content=\"Tarife transparente: durata \u0219edin\u021bei, consulta\u021bia ini\u021bial\u0103 \u0219i politica de anulare. Psihoterapie \u00een Z\u00fcrich \u0219i online. \u00centreb\u0103ri? Contacteaz\u0103-m\u0103.\" \/>\n<meta name=\"robots\" content=\"index, follow, max-snippet:-1, max-image-preview:large, max-video-preview:-1\" \/>\n<link rel=\"canonical\" href=\"https:\/\/ruhepraxis.ch\/ro\/conditii\/\" \/>\n<meta property=\"og:locale\" content=\"ro_RO\" \/>\n<meta property=\"og:type\" content=\"article\" \/>\n<meta property=\"og:title\" content=\"Tarife &amp; Condi\u021bii | Psihoterapie \u00een Z\u00fcrich\" \/>\n<meta property=\"og:description\" content=\"Tarife transparente: durata \u0219edin\u021bei, consulta\u021bia ini\u021bial\u0103 \u0219i politica de anulare. Psihoterapie \u00een Z\u00fcrich \u0219i online. \u00centreb\u0103ri? Contacteaz\u0103-m\u0103.\" \/>\n<meta property=\"og:url\" content=\"https:\/\/ruhepraxis.ch\/ro\/conditii\/\" \/>\n<meta property=\"og:site_name\" content=\"Psihoterapie | G\u0103sirea lini\u0219tii interioare | Catalina Parau\" \/>\n<meta property=\"article:modified_time\" content=\"2026-02-27T12:43:20+00:00\" \/>\n<meta property=\"og:image\" content=\"https:\/\/ruhepraxis.ch\/ro\/wp-content\/uploads\/2022\/01\/logogreen.png\" \/>\n\t<meta property=\"og:image:width\" content=\"912\" \/>\n\t<meta property=\"og:image:height\" content=\"278\" \/>\n\t<meta property=\"og:image:type\" content=\"image\/png\" \/>\n<meta name=\"twitter:card\" content=\"summary_large_image\" \/>\n<meta name=\"twitter:label1\" content=\"Timp estimat pentru citire\" \/>\n\t<meta name=\"twitter:data1\" content=\"1 minut\" \/>\n<script type=\"application\/ld+json\" class=\"yoast-schema-graph\">{\"@context\":\"https:\/\/schema.org\",\"@graph\":[{\"@type\":\"WebPage\",\"@id\":\"https:\/\/ruhepraxis.ch\/ro\/conditii\/\",\"url\":\"https:\/\/ruhepraxis.ch\/ro\/conditii\/\",\"name\":\"Tarife & Condi\u021bii | Psihoterapie \u00een Z\u00fcrich\",\"isPartOf\":{\"@id\":\"https:\/\/ruhepraxis.ch\/ro\/#website\"},\"datePublished\":\"2022-01-21T12:44:12+00:00\",\"dateModified\":\"2026-02-27T12:43:20+00:00\",\"description\":\"Tarife transparente: durata \u0219edin\u021bei, consulta\u021bia ini\u021bial\u0103 \u0219i politica de anulare. Psihoterapie \u00een Z\u00fcrich \u0219i online. \u00centreb\u0103ri? Contacteaz\u0103-m\u0103.\",\"breadcrumb\":{\"@id\":\"https:\/\/ruhepraxis.ch\/ro\/conditii\/#breadcrumb\"},\"inLanguage\":\"ro-RO\",\"potentialAction\":[{\"@type\":\"ReadAction\",\"target\":[\"https:\/\/ruhepraxis.ch\/ro\/conditii\/\"]}]},{\"@type\":\"BreadcrumbList\",\"@id\":\"https:\/\/ruhepraxis.ch\/ro\/conditii\/#breadcrumb\",\"itemListElement\":[{\"@type\":\"ListItem\",\"position\":1,\"name\":\"Startseite\",\"item\":\"https:\/\/ruhepraxis.ch\/ro\/\"},{\"@type\":\"ListItem\",\"position\":2,\"name\":\"Condi\u021bii\"}]},{\"@type\":\"WebSite\",\"@id\":\"https:\/\/ruhepraxis.ch\/ro\/#website\",\"url\":\"https:\/\/ruhepraxis.ch\/ro\/\",\"name\":\"Ruhepraxis\",\"description\":\"Psihoterapie, coaching \u0219i neuropsihologie \u00een Z\u00fcrich\",\"publisher\":{\"@id\":\"https:\/\/ruhepraxis.ch\/ro\/#\/schema\/person\/82cbfcfe8cda4254fa5e61e2d1e5ee29\"},\"alternateName\":\"Ruhepraxis Z\u00fcrich\",\"potentialAction\":[{\"@type\":\"SearchAction\",\"target\":{\"@type\":\"EntryPoint\",\"urlTemplate\":\"https:\/\/ruhepraxis.ch\/ro\/?s={search_term_string}\"},\"query-input\":{\"@type\":\"PropertyValueSpecification\",\"valueRequired\":true,\"valueName\":\"search_term_string\"}}],\"inLanguage\":\"ro-RO\"},{\"@type\":[\"Person\",\"Organization\"],\"@id\":\"https:\/\/ruhepraxis.ch\/ro\/#\/schema\/person\/82cbfcfe8cda4254fa5e61e2d1e5ee29\",\"name\":\"Catalina Parau\",\"image\":{\"@type\":\"ImageObject\",\"inLanguage\":\"ro-RO\",\"@id\":\"https:\/\/ruhepraxis.ch\/ro\/wp-content\/uploads\/2026\/02\/Catalina.webp\",\"url\":\"https:\/\/ruhepraxis.ch\/ro\/wp-content\/uploads\/2026\/02\/Catalina.webp\",\"contentUrl\":\"https:\/\/ruhepraxis.ch\/ro\/wp-content\/uploads\/2026\/02\/Catalina.webp\",\"width\":599,\"height\":820,\"caption\":\"Catalina Parau\"},\"logo\":{\"@id\":\"https:\/\/ruhepraxis.ch\/ro\/wp-content\/uploads\/2026\/02\/Catalina.webp\"},\"sameAs\":[\"https:\/\/ruhepraxis.ch\/ro\"]}]}<\/script>\n<!-- \/ Yoast SEO plugin. -->","yoast_head_json":{"title":"Tarife & Condi\u021bii | Psihoterapie \u00een Z\u00fcrich","description":"Tarife transparente: durata \u0219edin\u021bei, consulta\u021bia ini\u021bial\u0103 \u0219i politica de anulare. Psihoterapie \u00een Z\u00fcrich \u0219i online. \u00centreb\u0103ri? Contacteaz\u0103-m\u0103.","robots":{"index":"index","follow":"follow","max-snippet":"max-snippet:-1","max-image-preview":"max-image-preview:large","max-video-preview":"max-video-preview:-1"},"canonical":"https:\/\/ruhepraxis.ch\/ro\/conditii\/","og_locale":"ro_RO","og_type":"article","og_title":"Tarife & Condi\u021bii | Psihoterapie \u00een Z\u00fcrich","og_description":"Tarife transparente: durata \u0219edin\u021bei, consulta\u021bia ini\u021bial\u0103 \u0219i politica de anulare. Psihoterapie \u00een Z\u00fcrich \u0219i online. \u00centreb\u0103ri? Contacteaz\u0103-m\u0103.","og_url":"https:\/\/ruhepraxis.ch\/ro\/conditii\/","og_site_name":"Psihoterapie | G\u0103sirea lini\u0219tii interioare | Catalina Parau","article_modified_time":"2026-02-27T12:43:20+00:00","og_image":[{"width":912,"height":278,"url":"https:\/\/ruhepraxis.ch\/ro\/wp-content\/uploads\/2022\/01\/logogreen.png","type":"image\/png"}],"twitter_card":"summary_large_image","twitter_misc":{"Timp estimat pentru citire":"1 minut"},"schema":{"@context":"https:\/\/schema.org","@graph":[{"@type":"WebPage","@id":"https:\/\/ruhepraxis.ch\/ro\/conditii\/","url":"https:\/\/ruhepraxis.ch\/ro\/conditii\/","name":"Tarife & Condi\u021bii | Psihoterapie \u00een Z\u00fcrich","isPartOf":{"@id":"https:\/\/ruhepraxis.ch\/ro\/#website"},"datePublished":"2022-01-21T12:44:12+00:00","dateModified":"2026-02-27T12:43:20+00:00","description":"Tarife transparente: durata \u0219edin\u021bei, consulta\u021bia ini\u021bial\u0103 \u0219i politica de anulare. Psihoterapie \u00een Z\u00fcrich \u0219i online. \u00centreb\u0103ri? Contacteaz\u0103-m\u0103.","breadcrumb":{"@id":"https:\/\/ruhepraxis.ch\/ro\/conditii\/#breadcrumb"},"inLanguage":"ro-RO","potentialAction":[{"@type":"ReadAction","target":["https:\/\/ruhepraxis.ch\/ro\/conditii\/"]}]},{"@type":"BreadcrumbList","@id":"https:\/\/ruhepraxis.ch\/ro\/conditii\/#breadcrumb","itemListElement":[{"@type":"ListItem","position":1,"name":"Startseite","item":"https:\/\/ruhepraxis.ch\/ro\/"},{"@type":"ListItem","position":2,"name":"Condi\u021bii"}]},{"@type":"WebSite","@id":"https:\/\/ruhepraxis.ch\/ro\/#website","url":"https:\/\/ruhepraxis.ch\/ro\/","name":"Ruhepraxis","description":"Psihoterapie, coaching \u0219i neuropsihologie \u00een Z\u00fcrich","publisher":{"@id":"https:\/\/ruhepraxis.ch\/ro\/#\/schema\/person\/82cbfcfe8cda4254fa5e61e2d1e5ee29"},"alternateName":"Ruhepraxis Z\u00fcrich","potentialAction":[{"@type":"SearchAction","target":{"@type":"EntryPoint","urlTemplate":"https:\/\/ruhepraxis.ch\/ro\/?s={search_term_string}"},"query-input":{"@type":"PropertyValueSpecification","valueRequired":true,"valueName":"search_term_string"}}],"inLanguage":"ro-RO"},{"@type":["Person","Organization"],"@id":"https:\/\/ruhepraxis.ch\/ro\/#\/schema\/person\/82cbfcfe8cda4254fa5e61e2d1e5ee29","name":"Catalina Parau","image":{"@type":"ImageObject","inLanguage":"ro-RO","@id":"https:\/\/ruhepraxis.ch\/ro\/wp-content\/uploads\/2026\/02\/Catalina.webp","url":"https:\/\/ruhepraxis.ch\/ro\/wp-content\/uploads\/2026\/02\/Catalina.webp","contentUrl":"https:\/\/ruhepraxis.ch\/ro\/wp-content\/uploads\/2026\/02\/Catalina.webp","width":599,"height":820,"caption":"Catalina Parau"},"logo":{"@id":"https:\/\/ruhepraxis.ch\/ro\/wp-content\/uploads\/2026\/02\/Catalina.webp"},"sameAs":["https:\/\/ruhepraxis.ch\/ro"]}]}},"_links":{"self":[{"href":"https:\/\/ruhepraxis.ch\/ro\/wp-json\/wp\/v2\/pages\/12","targetHints":{"allow":["GET"]}}],"collection":[{"href":"https:\/\/ruhepraxis.ch\/ro\/wp-json\/wp\/v2\/pages"}],"about":[{"href":"https:\/\/ruhepraxis.ch\/ro\/wp-json\/wp\/v2\/types\/page"}],"author":[{"embeddable":true,"href":"https:\/\/ruhepraxis.ch\/ro\/wp-json\/wp\/v2\/users\/1"}],"replies":[{"embeddable":true,"href":"https:\/\/ruhepraxis.ch\/ro\/wp-json\/wp\/v2\/comments?post=12"}],"version-history":[{"count":15,"href":"https:\/\/ruhepraxis.ch\/ro\/wp-json\/wp\/v2\/pages\/12\/revisions"}],"predecessor-version":[{"id":7301,"href":"https:\/\/ruhepraxis.ch\/ro\/wp-json\/wp\/v2\/pages\/12\/revisions\/7301"}],"wp:attachment":[{"href":"https:\/\/ruhepraxis.ch\/ro\/wp-json\/wp\/v2\/media?parent=12"}],"curies":[{"name":"wp","href":"https:\/\/api.w.org\/{rel}","templated":true}]}}