{"id":1305,"date":"2022-02-26T07:58:41","date_gmt":"2022-02-26T07:58:41","guid":{"rendered":"https:\/\/demo.casethemes.net\/mindset\/?page_id=1305"},"modified":"2026-02-27T13:44:00","modified_gmt":"2026-02-27T12:44:00","slug":"contact","status":"publish","type":"page","link":"https:\/\/ruhepraxis.ch\/ro\/contact\/","title":{"rendered":"Contact"},"content":{"rendered":"\t\t<div data-elementor-type=\"wp-page\" data-elementor-id=\"1305\" class=\"elementor elementor-1305\">\n\t\t\t\t        <section class=\"elementor-section elementor-top-section elementor-element elementor-element-f6707ee elementor-section-stretched elementor-section-boxed elementor-section-height-default elementor-section-height-default ct-header-fixed-none ct-column-none ct-row-scroll-none ct-row-gradient--none ct-row-container--default\" data-id=\"f6707ee\" data-element_type=\"section\" data-e-type=\"section\" data-settings=\"{&quot;stretch_section&quot;:&quot;section-stretched&quot;}\">\n            \n                        <div class=\"elementor-container elementor-column-gap-extended \">\n                    <div class=\"elementor-column elementor-col-50 elementor-top-column elementor-element elementor-element-7d958d7 ct-column-none col-offset-none\" data-id=\"7d958d7\" data-element_type=\"column\" data-e-type=\"column\">\n        <div class=\"elementor-widget-wrap elementor-element-populated\">\n                    \n        \t\t<div class=\"elementor-element elementor-element-5b5667d elementor-widget elementor-widget-ct_heading\" data-id=\"5b5667d\" data-element_type=\"widget\" data-e-type=\"widget\" data-widget_type=\"ct_heading.default\">\n\t\t\t\t<div class=\"elementor-widget-container\">\n\t\t\t\t\t<div id=\"ct_heading-5b5667d\" class=\"ct-heading h-align-left item-st-default\">\r\n    <div class=\"heading-wrapper\">\r\n        <div class=\"inner-heading\">\r\n                        <h1 class=\"item--title case-animate-time st-default \" data-wow-delay=\"ms\">\r\n                <span class=\"slide-in-container\"><span class=\"d-inline-block wow case-fade-in-up\">Contact<\/span><\/span> <span class=\"slide-in-container\"><span class=\"d-inline-block wow case-fade-in-up\">\u2013<\/span><\/span> <span class=\"slide-in-container\"><span class=\"d-inline-block wow case-fade-in-up\">Psihoterapie<\/span><\/span>            <\/h1>\r\n        <\/div>\r\n    <\/div>\r\n<\/div>\r\n\t\t\t\t<\/div>\n\t\t\t\t<\/div>\n\t\t\t\t<div class=\"elementor-element elementor-element-59d2246 elementor-widget elementor-widget-ct_text_editor\" data-id=\"59d2246\" data-element_type=\"widget\" data-e-type=\"widget\" data-widget_type=\"ct_text_editor.default\">\n\t\t\t\t<div class=\"elementor-widget-container\">\n\t\t\t\t\t<div id=\"ct_text_editor-59d2246\" class=\"ct-text-editor \" data-wow-delay=\"ms\">\n\t<div class=\"ct-inline-css\"  data-css=\"\n        \t\t\">\n    <\/div>\n\t<div class=\"ct-text-editor elementor-clearfix\">\n\t\t<p data-start=\"0\" data-end=\"89\">Dac\u0103 ave\u021bi \u00eentreb\u0103ri sau dori\u021bi s\u0103 programa\u021bi o \u0219edin\u021b\u0103, m\u0103 pute\u021bi contacta cu \u00eencredere.<\/p><p data-start=\"91\" data-end=\"138\" data-is-last-node=\"\" data-is-only-node=\"\">\u00cen prezent m\u0103 pute\u021bi g\u0103si la urm\u0103toarea adres\u0103:<\/p>\t\t\n\t<\/div>\n<\/div>\t\t\t\t<\/div>\n\t\t\t\t<\/div>\n\t\t\t\t<div class=\"elementor-element elementor-element-ee0ca87 elementor-widget elementor-widget-ct_contact_info\" data-id=\"ee0ca87\" data-element_type=\"widget\" data-e-type=\"widget\" data-widget_type=\"ct_contact_info.default\">\n\t\t\t\t<div class=\"elementor-widget-container\">\n\t\t\t\t\t    <div id=\"ct_contact_info-ee0ca87\" class=\"ct-contact-info ct-contact-info1 style1 \" data-wow-duration=\"1.2s\">\r\n                        <div class=\"item--contact-info block\">\r\n                    <div class=\"inner-info\">\r\n                                                    <span class=\"ct-contact-icon color-default\">\r\n                                <i aria-hidden=\"true\" class=\"flaticon flaticon-phone\"><\/i>                                                            <\/span>\r\n                                                                            <a class=\"ct-contact-content\" href=\"tel:+41 77 293 75 67\">\r\n                                +41 77 293 75 67                            <\/a>\r\n                                            <\/div>\r\n               <\/div>\r\n                        <div class=\"item--contact-info block\">\r\n                    <div class=\"inner-info\">\r\n                                                    <span class=\"ct-contact-icon color-default\">\r\n                                <i aria-hidden=\"true\" class=\"flaticon flaticon-location\"><\/i>                                                            <\/span>\r\n                                                                            <span class=\"ct-contact-content\">\r\n                               Weinbergstrasse 139<br>\n8006 Z\u00fcrich<br>\n                            <\/span>\r\n                                            <\/div>\r\n               <\/div>\r\n                        <div class=\"item--contact-info block\">\r\n                    <div class=\"inner-info\">\r\n                                                    <span class=\"ct-contact-icon color-default\">\r\n                                <i aria-hidden=\"true\" class=\"flaticon flaticon-email\"><\/i>                                                            <\/span>\r\n                                                                            <a class=\"ct-contact-content\" href=\"mailto:info@ruhepraxis.ch\">\r\n                                info@ruhepraxis.ch                            <\/a>\r\n                                            <\/div>\r\n               <\/div>\r\n            <\/div>\r\n\t\t\t\t<\/div>\n\t\t\t\t<\/div>\n\t\t            <\/div>\n        <\/div>\n                <div class=\"elementor-column elementor-col-50 elementor-top-column elementor-element elementor-element-0d67ab2 ct-column-none col-offset-none\" data-id=\"0d67ab2\" data-element_type=\"column\" data-e-type=\"column\">\n        <div class=\"elementor-widget-wrap elementor-element-populated\">\n                    \n        \t\t<div class=\"elementor-element elementor-element-6632ea2 elementor-widget elementor-widget-ct_image\" data-id=\"6632ea2\" data-element_type=\"widget\" data-e-type=\"widget\" data-widget_type=\"ct_image.default\">\n\t\t\t\t<div class=\"elementor-widget-container\">\n\t\t\t\t\t<div class=\"ct-image-single \" data-width=\"\" data-height=\"\" data-wow-delay=\"ms\">\r\n            <div class=\"ct-image-single--inner\">\r\n                            <img loading=\"lazy\" decoding=\"async\" width=\"599\" height=\"820\" src=\"https:\/\/ruhepraxis.ch\/ro\/wp-content\/uploads\/2026\/02\/Catalina.webp\" class=\"no-lazyload img-main attachment-large\" alt=\"\" loading=\"lazy\" \/>                    <\/div>\r\n    <\/div>\t\t\t\t<\/div>\n\t\t\t\t<\/div>\n\t\t            <\/div>\n        <\/div>\n                    <\/div>\n        <\/section>\n                <section class=\"elementor-section elementor-top-section elementor-element elementor-element-f229a41 elementor-section-stretched elementor-section-boxed elementor-section-height-default elementor-section-height-default ct-header-fixed-none ct-column-none ct-row-scroll-none ct-row-gradient--none ct-row-container--default\" data-id=\"f229a41\" data-element_type=\"section\" data-e-type=\"section\" data-settings=\"{&quot;stretch_section&quot;:&quot;section-stretched&quot;}\">\n            \n                        <div class=\"elementor-container elementor-column-gap-extended \">\n                    <div class=\"elementor-column elementor-col-100 elementor-top-column elementor-element elementor-element-7fe5dd0 ct-column-none col-offset-none\" data-id=\"7fe5dd0\" data-element_type=\"column\" data-e-type=\"column\">\n        <div class=\"elementor-widget-wrap elementor-element-populated\">\n                    \n        \t\t<div class=\"elementor-element elementor-element-79c3a47 elementor-widget elementor-widget-ct_heading\" data-id=\"79c3a47\" data-element_type=\"widget\" data-e-type=\"widget\" data-widget_type=\"ct_heading.default\">\n\t\t\t\t<div class=\"elementor-widget-container\">\n\t\t\t\t\t<div id=\"ct_heading-79c3a47\" class=\"ct-heading h-align-center item-st-default\">\r\n    <div class=\"heading-wrapper\">\r\n        <div class=\"inner-heading\">\r\n                            <div class=\"item--sub-title no-image-bg\">\r\n                                        <span>\r\n                        Folosi\u021bi formularul pentru a solicita o programare sau pentru a-mi trimite un mesaj.                    <\/span>\r\n                <\/div>\r\n                        <h3 class=\"item--title case-animate-time st-default \" data-wow-delay=\"ms\">\r\n                <span>\n<\/span>            <\/h3>\r\n        <\/div>\r\n    <\/div>\r\n<\/div>\r\n\t\t\t\t<\/div>\n\t\t\t\t<\/div>\n\t\t\t\t<div class=\"elementor-element elementor-element-4d28ceb elementor-widget elementor-widget-ct_contact_form\" data-id=\"4d28ceb\" data-element_type=\"widget\" data-e-type=\"widget\" data-widget_type=\"ct_contact_form.default\">\n\t\t\t\t<div class=\"elementor-widget-container\">\n\t\t\t\t\t    <div class=\"ct-contact-form ct-contact-form-layout1 style1  btn-gradient\">\r\n        <div class=\"inner-layout \" >\r\n                        <div class=\"ct-contact-form\">\r\n                \n<div class=\"wpcf7 no-js\" id=\"wpcf7-f2033-o1\" lang=\"en-US\" dir=\"ltr\" data-wpcf7-id=\"2033\">\n<div class=\"screen-reader-response\"><p role=\"status\" aria-live=\"polite\" aria-atomic=\"true\"><\/p> <ul><\/ul><\/div>\n<form action=\"\/ro\/wp-json\/wp\/v2\/pages\/1305#wpcf7-f2033-o1\" method=\"post\" class=\"wpcf7-form init\" aria-label=\"Contact form\" novalidate=\"novalidate\" data-status=\"init\">\n<fieldset class=\"hidden-fields-container\"><input type=\"hidden\" name=\"_wpcf7\" value=\"2033\" \/><input type=\"hidden\" name=\"_wpcf7_version\" value=\"6.1.5\" \/><input type=\"hidden\" name=\"_wpcf7_locale\" value=\"en_US\" \/><input type=\"hidden\" name=\"_wpcf7_unit_tag\" value=\"wpcf7-f2033-o1\" \/><input type=\"hidden\" name=\"_wpcf7_container_post\" value=\"0\" \/><input type=\"hidden\" name=\"_wpcf7_posted_data_hash\" value=\"\" \/>\n<\/fieldset>\n<div class=\"wp-row-ctf7\">\n\t<div class=\"row\">\n\t\t<div class=\"col-lg-6 col-md-6\">\n\t\t\t<div class=\"input-filled\">\n\t\t\t\t<p><label>Numele dumneavoastr\u0103<\/label><br \/>\n<span class=\"wpcf7-form-control-wrap\" data-name=\"your-name\"><input size=\"40\" maxlength=\"400\" class=\"wpcf7-form-control wpcf7-text wpcf7-validates-as-required\" aria-required=\"true\" aria-invalid=\"false\" placeholder=\"Numele dumneavoastr\u0103\" value=\"\" type=\"text\" name=\"your-name\" \/><\/span>\n\t\t\t\t<\/p>\n\t\t\t<\/div>\n\t\t<\/div>\n\t\t<div class=\"col-lg-6 col-md-6\">\n\t\t\t<div class=\"input-filled\">\n\t\t\t\t<p><label>Telefon (op\u021bional)<\/label><br \/>\n<span class=\"wpcf7-form-control-wrap\" data-name=\"your-phone\"><input size=\"40\" maxlength=\"400\" class=\"wpcf7-form-control wpcf7-tel wpcf7-text wpcf7-validates-as-tel\" aria-invalid=\"false\" placeholder=\"Telefon\" value=\"\" type=\"tel\" name=\"your-phone\" \/><\/span>\n\t\t\t\t<\/p>\n\t\t\t<\/div>\n\t\t<\/div>\n\t\t<div class=\"col-lg-12\">\n\t\t\t<div class=\"input-filled\">\n\t\t\t\t<p><label>Adres\u0103 de e-mail<\/label><br \/>\n<span class=\"wpcf7-form-control-wrap\" data-name=\"your-email\"><input size=\"40\" maxlength=\"400\" class=\"wpcf7-form-control wpcf7-email wpcf7-validates-as-required wpcf7-text wpcf7-validates-as-email\" aria-required=\"true\" aria-invalid=\"false\" placeholder=\"Adres\u0103 de e-mail\" value=\"\" type=\"email\" name=\"your-email\" \/><\/span>\n\t\t\t\t<\/p>\n\t\t\t<\/div>\n\t\t<\/div>\n\t\t<div class=\"col-lg-12\">\n\t\t\t<div class=\"input-filled\">\n\t\t\t\t<p><label>Mesajul dumneavoastr\u0103<\/label><br \/>\n<span class=\"wpcf7-form-control-wrap\" data-name=\"your-message\"><textarea cols=\"40\" rows=\"10\" maxlength=\"2000\" class=\"wpcf7-form-control wpcf7-textarea\" aria-invalid=\"false\" placeholder=\"Mesajul dumneavoastr\u0103\" name=\"your-message\"><\/textarea><\/span>\n\t\t\t\t<\/p>\n\t\t\t<\/div>\n\t\t<\/div>\n\t\t<div class=\"col-lg-12\">\n\t\t\t<div class=\"input-filled input-filled-btn\">\n\t\t\t\t<p><input class=\"wpcf7-form-control wpcf7-submit has-spinner\" type=\"submit\" value=\"Trimite solicitarea\" \/>\n\t\t\t\t<\/p>\n\t\t\t<\/div>\n\t\t<\/div>\n\t<\/div>\n<\/div><div class=\"wpcf7-response-output\" aria-hidden=\"true\"><\/div>\n<\/form>\n<\/div>\n            <\/div>\r\n        <\/div>\r\n    <\/div>\r\n\t\t\t\t<\/div>\n\t\t\t\t<\/div>\n\t\t            <\/div>\n        <\/div>\n                    <\/div>\n        <\/section>\n        \t\t<\/div>\n\t\t","protected":false},"excerpt":{"rendered":"<p>Contact \u2013 Psihoterapie Dac\u0103 ave\u021bi \u00eentreb\u0103ri sau dori\u021bi s\u0103 programa\u021bi o \u0219edin\u021b\u0103, m\u0103 pute\u021bi contacta cu \u00eencredere. \u00cen prezent m\u0103 pute\u021bi g\u0103si la urm\u0103toarea adres\u0103: +41 77 293 75 67 Weinbergstrasse 139 8006 Z\u00fcrich info@ruhepraxis.ch Folosi\u021bi formularul pentru a solicita o programare sau pentru a-mi trimite un mesaj. Numele dumneavoastr\u0103 Telefon (op\u021bional) Adres\u0103 de e-mail [&hellip;]<\/p>\n","protected":false},"author":1,"featured_media":0,"parent":0,"menu_order":0,"comment_status":"closed","ping_status":"closed","template":"","meta":{"footnotes":""},"class_list":["post-1305","page","type-page","status-publish","hentry"],"yoast_head":"<!-- This site is optimized with the Yoast SEO plugin v27.2 - https:\/\/yoast.com\/product\/yoast-seo-wordpress\/ -->\n<title>Contact &amp; Consulta\u021bie ini\u021bial\u0103 | Psihoterapie \u00een Z\u00fcrich<\/title>\n<meta name=\"description\" content=\"Programeaz\u0103 o consulta\u021bie ini\u021bial\u0103 \u00een Z\u00fcrich (8006) sau online. \u0218edin\u021be \u00een rom\u00e2n\u0103, german\u0103 \u0219i englez\u0103. Scrie-mi sau sun\u0103-m\u0103.\" \/>\n<meta name=\"robots\" content=\"index, follow, max-snippet:-1, max-image-preview:large, max-video-preview:-1\" \/>\n<link rel=\"canonical\" href=\"https:\/\/ruhepraxis.ch\/ro\/contact\/\" \/>\n<meta property=\"og:locale\" content=\"ro_RO\" \/>\n<meta property=\"og:type\" content=\"article\" \/>\n<meta property=\"og:title\" content=\"Contact &amp; Consulta\u021bie ini\u021bial\u0103 | Psihoterapie \u00een Z\u00fcrich\" \/>\n<meta property=\"og:description\" content=\"Programeaz\u0103 o consulta\u021bie ini\u021bial\u0103 \u00een Z\u00fcrich (8006) sau online. \u0218edin\u021be \u00een rom\u00e2n\u0103, german\u0103 \u0219i englez\u0103. Scrie-mi sau sun\u0103-m\u0103.\" \/>\n<meta property=\"og:url\" content=\"https:\/\/ruhepraxis.ch\/ro\/contact\/\" \/>\n<meta property=\"og:site_name\" content=\"Psihoterapie | G\u0103sirea lini\u0219tii interioare | Catalina Parau\" \/>\n<meta property=\"article:modified_time\" content=\"2026-02-27T12:44:00+00:00\" \/>\n<meta property=\"og:image\" content=\"https:\/\/ruhepraxis.ch\/ro\/wp-content\/uploads\/2026\/02\/Catalina.webp\" \/>\n<meta name=\"twitter:card\" content=\"summary_large_image\" \/>\n<meta name=\"twitter:label1\" content=\"Timp estimat pentru citire\" \/>\n\t<meta name=\"twitter:data1\" content=\"1 minut\" \/>\n<script type=\"application\/ld+json\" class=\"yoast-schema-graph\">{\"@context\":\"https:\/\/schema.org\",\"@graph\":[{\"@type\":\"WebPage\",\"@id\":\"https:\/\/ruhepraxis.ch\/ro\/contact\/\",\"url\":\"https:\/\/ruhepraxis.ch\/ro\/contact\/\",\"name\":\"Contact & Consulta\u021bie ini\u021bial\u0103 | Psihoterapie \u00een Z\u00fcrich\",\"isPartOf\":{\"@id\":\"https:\/\/ruhepraxis.ch\/ro\/#website\"},\"primaryImageOfPage\":{\"@id\":\"https:\/\/ruhepraxis.ch\/ro\/contact\/#primaryimage\"},\"image\":{\"@id\":\"https:\/\/ruhepraxis.ch\/ro\/contact\/#primaryimage\"},\"thumbnailUrl\":\"https:\/\/ruhepraxis.ch\/ro\/wp-content\/uploads\/2026\/02\/Catalina.webp\",\"datePublished\":\"2022-02-26T07:58:41+00:00\",\"dateModified\":\"2026-02-27T12:44:00+00:00\",\"description\":\"Programeaz\u0103 o consulta\u021bie ini\u021bial\u0103 \u00een Z\u00fcrich (8006) sau online. \u0218edin\u021be \u00een rom\u00e2n\u0103, german\u0103 \u0219i englez\u0103. Scrie-mi sau sun\u0103-m\u0103.\",\"breadcrumb\":{\"@id\":\"https:\/\/ruhepraxis.ch\/ro\/contact\/#breadcrumb\"},\"inLanguage\":\"ro-RO\",\"potentialAction\":[{\"@type\":\"ReadAction\",\"target\":[\"https:\/\/ruhepraxis.ch\/ro\/contact\/\"]}]},{\"@type\":\"ImageObject\",\"inLanguage\":\"ro-RO\",\"@id\":\"https:\/\/ruhepraxis.ch\/ro\/contact\/#primaryimage\",\"url\":\"https:\/\/ruhepraxis.ch\/ro\/wp-content\/uploads\/2026\/02\/Catalina.webp\",\"contentUrl\":\"https:\/\/ruhepraxis.ch\/ro\/wp-content\/uploads\/2026\/02\/Catalina.webp\",\"width\":599,\"height\":820},{\"@type\":\"BreadcrumbList\",\"@id\":\"https:\/\/ruhepraxis.ch\/ro\/contact\/#breadcrumb\",\"itemListElement\":[{\"@type\":\"ListItem\",\"position\":1,\"name\":\"Startseite\",\"item\":\"https:\/\/ruhepraxis.ch\/ro\/\"},{\"@type\":\"ListItem\",\"position\":2,\"name\":\"Contact\"}]},{\"@type\":\"WebSite\",\"@id\":\"https:\/\/ruhepraxis.ch\/ro\/#website\",\"url\":\"https:\/\/ruhepraxis.ch\/ro\/\",\"name\":\"Ruhepraxis\",\"description\":\"Psihoterapie, coaching \u0219i neuropsihologie \u00een Z\u00fcrich\",\"publisher\":{\"@id\":\"https:\/\/ruhepraxis.ch\/ro\/#\/schema\/person\/82cbfcfe8cda4254fa5e61e2d1e5ee29\"},\"alternateName\":\"Ruhepraxis Z\u00fcrich\",\"potentialAction\":[{\"@type\":\"SearchAction\",\"target\":{\"@type\":\"EntryPoint\",\"urlTemplate\":\"https:\/\/ruhepraxis.ch\/ro\/?s={search_term_string}\"},\"query-input\":{\"@type\":\"PropertyValueSpecification\",\"valueRequired\":true,\"valueName\":\"search_term_string\"}}],\"inLanguage\":\"ro-RO\"},{\"@type\":[\"Person\",\"Organization\"],\"@id\":\"https:\/\/ruhepraxis.ch\/ro\/#\/schema\/person\/82cbfcfe8cda4254fa5e61e2d1e5ee29\",\"name\":\"Catalina Parau\",\"image\":{\"@type\":\"ImageObject\",\"inLanguage\":\"ro-RO\",\"@id\":\"https:\/\/ruhepraxis.ch\/ro\/wp-content\/uploads\/2026\/02\/Catalina.webp\",\"url\":\"https:\/\/ruhepraxis.ch\/ro\/wp-content\/uploads\/2026\/02\/Catalina.webp\",\"contentUrl\":\"https:\/\/ruhepraxis.ch\/ro\/wp-content\/uploads\/2026\/02\/Catalina.webp\",\"width\":599,\"height\":820,\"caption\":\"Catalina Parau\"},\"logo\":{\"@id\":\"https:\/\/ruhepraxis.ch\/ro\/wp-content\/uploads\/2026\/02\/Catalina.webp\"},\"sameAs\":[\"https:\/\/ruhepraxis.ch\/ro\"]}]}<\/script>\n<!-- \/ Yoast SEO plugin. -->","yoast_head_json":{"title":"Contact & Consulta\u021bie ini\u021bial\u0103 | Psihoterapie \u00een Z\u00fcrich","description":"Programeaz\u0103 o consulta\u021bie ini\u021bial\u0103 \u00een Z\u00fcrich (8006) sau online. \u0218edin\u021be \u00een rom\u00e2n\u0103, german\u0103 \u0219i englez\u0103. Scrie-mi sau sun\u0103-m\u0103.","robots":{"index":"index","follow":"follow","max-snippet":"max-snippet:-1","max-image-preview":"max-image-preview:large","max-video-preview":"max-video-preview:-1"},"canonical":"https:\/\/ruhepraxis.ch\/ro\/contact\/","og_locale":"ro_RO","og_type":"article","og_title":"Contact & Consulta\u021bie ini\u021bial\u0103 | Psihoterapie \u00een Z\u00fcrich","og_description":"Programeaz\u0103 o consulta\u021bie ini\u021bial\u0103 \u00een Z\u00fcrich (8006) sau online. \u0218edin\u021be \u00een rom\u00e2n\u0103, german\u0103 \u0219i englez\u0103. Scrie-mi sau sun\u0103-m\u0103.","og_url":"https:\/\/ruhepraxis.ch\/ro\/contact\/","og_site_name":"Psihoterapie | G\u0103sirea lini\u0219tii interioare | Catalina Parau","article_modified_time":"2026-02-27T12:44:00+00:00","og_image":[{"url":"https:\/\/ruhepraxis.ch\/ro\/wp-content\/uploads\/2026\/02\/Catalina.webp","type":"","width":"","height":""}],"twitter_card":"summary_large_image","twitter_misc":{"Timp estimat pentru citire":"1 minut"},"schema":{"@context":"https:\/\/schema.org","@graph":[{"@type":"WebPage","@id":"https:\/\/ruhepraxis.ch\/ro\/contact\/","url":"https:\/\/ruhepraxis.ch\/ro\/contact\/","name":"Contact & Consulta\u021bie ini\u021bial\u0103 | Psihoterapie \u00een Z\u00fcrich","isPartOf":{"@id":"https:\/\/ruhepraxis.ch\/ro\/#website"},"primaryImageOfPage":{"@id":"https:\/\/ruhepraxis.ch\/ro\/contact\/#primaryimage"},"image":{"@id":"https:\/\/ruhepraxis.ch\/ro\/contact\/#primaryimage"},"thumbnailUrl":"https:\/\/ruhepraxis.ch\/ro\/wp-content\/uploads\/2026\/02\/Catalina.webp","datePublished":"2022-02-26T07:58:41+00:00","dateModified":"2026-02-27T12:44:00+00:00","description":"Programeaz\u0103 o consulta\u021bie ini\u021bial\u0103 \u00een Z\u00fcrich (8006) sau online. \u0218edin\u021be \u00een rom\u00e2n\u0103, german\u0103 \u0219i englez\u0103. Scrie-mi sau sun\u0103-m\u0103.","breadcrumb":{"@id":"https:\/\/ruhepraxis.ch\/ro\/contact\/#breadcrumb"},"inLanguage":"ro-RO","potentialAction":[{"@type":"ReadAction","target":["https:\/\/ruhepraxis.ch\/ro\/contact\/"]}]},{"@type":"ImageObject","inLanguage":"ro-RO","@id":"https:\/\/ruhepraxis.ch\/ro\/contact\/#primaryimage","url":"https:\/\/ruhepraxis.ch\/ro\/wp-content\/uploads\/2026\/02\/Catalina.webp","contentUrl":"https:\/\/ruhepraxis.ch\/ro\/wp-content\/uploads\/2026\/02\/Catalina.webp","width":599,"height":820},{"@type":"BreadcrumbList","@id":"https:\/\/ruhepraxis.ch\/ro\/contact\/#breadcrumb","itemListElement":[{"@type":"ListItem","position":1,"name":"Startseite","item":"https:\/\/ruhepraxis.ch\/ro\/"},{"@type":"ListItem","position":2,"name":"Contact"}]},{"@type":"WebSite","@id":"https:\/\/ruhepraxis.ch\/ro\/#website","url":"https:\/\/ruhepraxis.ch\/ro\/","name":"Ruhepraxis","description":"Psihoterapie, coaching \u0219i neuropsihologie \u00een Z\u00fcrich","publisher":{"@id":"https:\/\/ruhepraxis.ch\/ro\/#\/schema\/person\/82cbfcfe8cda4254fa5e61e2d1e5ee29"},"alternateName":"Ruhepraxis Z\u00fcrich","potentialAction":[{"@type":"SearchAction","target":{"@type":"EntryPoint","urlTemplate":"https:\/\/ruhepraxis.ch\/ro\/?s={search_term_string}"},"query-input":{"@type":"PropertyValueSpecification","valueRequired":true,"valueName":"search_term_string"}}],"inLanguage":"ro-RO"},{"@type":["Person","Organization"],"@id":"https:\/\/ruhepraxis.ch\/ro\/#\/schema\/person\/82cbfcfe8cda4254fa5e61e2d1e5ee29","name":"Catalina Parau","image":{"@type":"ImageObject","inLanguage":"ro-RO","@id":"https:\/\/ruhepraxis.ch\/ro\/wp-content\/uploads\/2026\/02\/Catalina.webp","url":"https:\/\/ruhepraxis.ch\/ro\/wp-content\/uploads\/2026\/02\/Catalina.webp","contentUrl":"https:\/\/ruhepraxis.ch\/ro\/wp-content\/uploads\/2026\/02\/Catalina.webp","width":599,"height":820,"caption":"Catalina Parau"},"logo":{"@id":"https:\/\/ruhepraxis.ch\/ro\/wp-content\/uploads\/2026\/02\/Catalina.webp"},"sameAs":["https:\/\/ruhepraxis.ch\/ro"]}]}},"_links":{"self":[{"href":"https:\/\/ruhepraxis.ch\/ro\/wp-json\/wp\/v2\/pages\/1305","targetHints":{"allow":["GET"]}}],"collection":[{"href":"https:\/\/ruhepraxis.ch\/ro\/wp-json\/wp\/v2\/pages"}],"about":[{"href":"https:\/\/ruhepraxis.ch\/ro\/wp-json\/wp\/v2\/types\/page"}],"author":[{"embeddable":true,"href":"https:\/\/ruhepraxis.ch\/ro\/wp-json\/wp\/v2\/users\/1"}],"replies":[{"embeddable":true,"href":"https:\/\/ruhepraxis.ch\/ro\/wp-json\/wp\/v2\/comments?post=1305"}],"version-history":[{"count":18,"href":"https:\/\/ruhepraxis.ch\/ro\/wp-json\/wp\/v2\/pages\/1305\/revisions"}],"predecessor-version":[{"id":7302,"href":"https:\/\/ruhepraxis.ch\/ro\/wp-json\/wp\/v2\/pages\/1305\/revisions\/7302"}],"wp:attachment":[{"href":"https:\/\/ruhepraxis.ch\/ro\/wp-json\/wp\/v2\/media?parent=1305"}],"curies":[{"name":"wp","href":"https:\/\/api.w.org\/{rel}","templated":true}]}}