{"id":738,"date":"2022-02-24T15:35:54","date_gmt":"2022-02-24T15:35:54","guid":{"rendered":"https:\/\/demo.casethemes.net\/mindset\/?page_id=738"},"modified":"2026-02-20T14:31:50","modified_gmt":"2026-02-20T13:31:50","slug":"despre-mine","status":"publish","type":"page","link":"https:\/\/ruhepraxis.ch\/ro\/despre-mine\/","title":{"rendered":"Despre mine"},"content":{"rendered":"\t\t<div data-elementor-type=\"wp-page\" data-elementor-id=\"738\" class=\"elementor elementor-738\">\n\t\t\t\t        <section class=\"elementor-section elementor-top-section elementor-element elementor-element-a7eef0e elementor-section-stretched elementor-section-boxed elementor-section-height-default elementor-section-height-default ct-header-fixed-none ct-column-none ct-row-scroll-none ct-row-gradient--none ct-row-container--default\" data-id=\"a7eef0e\" data-element_type=\"section\" data-e-type=\"section\" data-settings=\"{&quot;stretch_section&quot;:&quot;section-stretched&quot;}\">\n            \n                        <div class=\"elementor-container elementor-column-gap-extended \">\n                    <div class=\"elementor-column elementor-col-33 elementor-top-column elementor-element elementor-element-e0d8458 ct-column-sticky col-offset-none\" data-id=\"e0d8458\" data-element_type=\"column\" data-e-type=\"column\">\n        <div class=\"elementor-widget-wrap elementor-element-populated\">\n                    \n        \t\t<div class=\"elementor-element elementor-element-6fc6bcb elementor-widget elementor-widget-ct_team_info\" data-id=\"6fc6bcb\" data-element_type=\"widget\" data-e-type=\"widget\" data-widget_type=\"ct_team_info.default\">\n\t\t\t\t<div class=\"elementor-widget-container\">\n\t\t\t\t\t<div id=\"ct_team_info-6fc6bcb\" class=\"ct-team-info\" data-wow-duration=\"1.2s\">\r\n            <div class=\"wp-feature\">\r\n            <img loading=\"lazy\" decoding=\"async\" fetchpriority=\"high\" decoding=\"async\" class=\"\" src=\"https:\/\/ruhepraxis.ch\/ro\/wp-content\/uploads\/2026\/02\/Catalina-599x762.webp\" width=\"599\" height=\"762\" alt=\"Catalina\" title=\"Catalina\" \/>        <\/div>\r\n        <div class=\"wp-meta\">\r\n        <div class=\"inner-meta\">\r\n            <div class=\"wp-title\">\r\n                <h3 class=\"item--title case-animate-time style2 \" data-wow-delay=\"ms\">\r\n                    <span>Catalina Parau<\/span>                <\/h3>\r\n            <\/div>\r\n                            <ul class=\"ct-list-info\">\r\n                                            <li>\r\n                                                                                                                                <span class=\"ct-content\">\r\n                                       Psihoterapeut\u0103 FSP                                    <\/span>\r\n                                                                                   <\/li>\r\n                                    <\/ul>\r\n                                        <div class=\"ct-social style2\">\r\n                                                                        <a class=\"ct_team_info-6fc6bcb-0\" href=\"#\">\r\n                                                                                            <\/a>\r\n                                                            <\/div>\r\n                    <\/div>\r\n    <\/div>\r\n<\/div>\r\n\r\n\t\t\t\t<\/div>\n\t\t\t\t<\/div>\n\t\t            <\/div>\n        <\/div>\n                <div class=\"elementor-column elementor-col-66 elementor-top-column elementor-element elementor-element-cafe801 ct-column-none col-offset-none\" data-id=\"cafe801\" data-element_type=\"column\" data-e-type=\"column\">\n        <div class=\"elementor-widget-wrap elementor-element-populated\">\n                    \n        \t\t<div class=\"elementor-element elementor-element-3ddfb7a elementor-widget elementor-widget-ct_heading\" data-id=\"3ddfb7a\" data-element_type=\"widget\" data-e-type=\"widget\" data-widget_type=\"ct_heading.default\">\n\t\t\t\t<div class=\"elementor-widget-container\">\n\t\t\t\t\t<div id=\"ct_heading-3ddfb7a\" class=\"ct-heading h-align-left item-st-default\">\r\n    <div class=\"heading-wrapper\">\r\n        <div class=\"inner-heading\">\r\n                        <h1 class=\"item--title case-animate-time st-default \" data-wow-delay=\"ms\">\r\n                <span>Despre mine \u2013 Psihoterapeut\u0103<\/span>            <\/h1>\r\n        <\/div>\r\n    <\/div>\r\n<\/div>\r\n\t\t\t\t<\/div>\n\t\t\t\t<\/div>\n\t\t\t\t<div class=\"elementor-element elementor-element-e97a235 elementor-widget elementor-widget-ct_text_editor\" data-id=\"e97a235\" data-element_type=\"widget\" data-e-type=\"widget\" data-widget_type=\"ct_text_editor.default\">\n\t\t\t\t<div class=\"elementor-widget-container\">\n\t\t\t\t\t<div id=\"ct_text_editor-e97a235\" class=\"ct-text-editor \" data-wow-delay=\"ms\">\n\t<div class=\"ct-inline-css\"  data-css=\"\n        \t\t\">\n    <\/div>\n\t<div class=\"ct-text-editor elementor-clearfix\">\n\t\t<p>De mul\u021bi ani \u00eenso\u021besc oamenii pe drumul lor c\u0103tre mai mult\u0103 claritate interioar\u0103, echilibru emo\u021bional \u0219i o stare de bine autentic\u0103. \u00cemi desf\u0103\u0219or activitatea \u00een cadrul cabinetului Weinberg (https:\/\/psychotherapie-weinberg.ch\/team\/), un spa\u021biu sigur \u0219i confiden\u021bial, \u00een care dezvoltarea personal\u0103 \u0219i \u00eent\u00e2lnirea autentic\u0103 devin posibile.<\/p><p>Pentru mine, psihoterapia este un spa\u021biu de \u00eencredere, \u00een care sunte\u021bi binevenit(\u0103) cu tot ceea ce tr\u0103i\u021bi. Un loc \u00een care pute\u021bi fi ascultat(\u0103), \u00een\u021beles(\u0103) \u0219i sus\u021binut(\u0103) cu empatie \u0219i respect.<\/p><p>Abordarea mea terapeutic\u0103 este cald\u0103, empatic\u0103 \u0219i orientat\u0103 spre resurse. Integrez elemente din terapia cognitiv-comportamental\u0103, terapia prin dialog, abordarea sistemic\u0103, mindfulness \u0219i metode creative, pentru a v\u0103 sus\u021bine \u00eentr-un mod individualizat \u0219i atent pe parcursul procesului dumneavoastr\u0103.<\/p><p>Este important pentru mine s\u0103 v\u0103 sim\u021bi\u021bi \u00een siguran\u021b\u0103 cu toate g\u00e2ndurile, emo\u021biile \u0219i \u00eentreb\u0103rile dumneavoastr\u0103. \u00cempreun\u0103 cre\u0103m un cadru \u00een care dificult\u0103\u021bile pot fi \u00een\u021belese \u0219i transformate, apar noi perspective \u0219i v\u0103 pute\u021bi reconecta cu propria for\u021b\u0103 interioar\u0103.<\/p><p>Ofer \u0219edin\u021be individuale de psihoterapie, consiliere pentru cupluri \u0219i sprijin pentru familii, \u00een limba german\u0103, englez\u0103 \u0219i rom\u00e2n\u0103.<\/p><p>Fiecare \u0219edin\u021b\u0103 este adaptat\u0103 nevoilor dumneavoastr\u0103, astfel \u00eenc\u00e2t procesul s\u0103 fie \u00eenso\u021bit cu claritate, bl\u00e2nde\u021be \u0219i un sentiment de siguran\u021b\u0103<\/p>\t\t\n\t<\/div>\n<\/div>\t\t\t\t<\/div>\n\t\t\t\t<\/div>\n\t\t\t\t<div class=\"elementor-element elementor-element-0bee120 elementor-widget elementor-widget-ct_heading\" data-id=\"0bee120\" data-element_type=\"widget\" data-e-type=\"widget\" data-widget_type=\"ct_heading.default\">\n\t\t\t\t<div class=\"elementor-widget-container\">\n\t\t\t\t\t<div id=\"ct_heading-0bee120\" class=\"ct-heading h-align-left item-st-default\">\r\n    <div class=\"heading-wrapper\">\r\n        <div class=\"inner-heading\">\r\n                        <h3 class=\"item--title case-animate-time st-default \" data-wow-delay=\"ms\">\r\n                <span>Domenii principale de interven\u021bie terapeutic\u0103<\/span>            <\/h3>\r\n        <\/div>\r\n    <\/div>\r\n<\/div>\r\n\t\t\t\t<\/div>\n\t\t\t\t<\/div>\n\t\t        <section class=\"elementor-section elementor-inner-section elementor-element elementor-element-024567e elementor-section-boxed elementor-section-height-default elementor-section-height-default ct-header-fixed-none ct-column-none ct-row-scroll-none ct-row-gradient--none ct-row-container--default\" data-id=\"024567e\" data-element_type=\"section\" data-e-type=\"section\">\n            \n                        <div class=\"elementor-container elementor-column-gap-extended \">\n                    <div class=\"elementor-column elementor-col-50 elementor-inner-column elementor-element elementor-element-e5ccc8c ct-column-none col-offset-none\" data-id=\"e5ccc8c\" data-element_type=\"column\" data-e-type=\"column\">\n        <div class=\"elementor-widget-wrap elementor-element-populated\">\n                    \n        \t\t<div class=\"elementor-element elementor-element-e01efd2 elementor-widget elementor-widget-ct_list\" data-id=\"e01efd2\" data-element_type=\"widget\" data-e-type=\"widget\" data-widget_type=\"ct_list.default\">\n\t\t\t\t<div class=\"elementor-widget-container\">\n\t\t\t\t\t    <div class=\"ct-list block\">\r\n                    <div class=\"ct-list-item  off-border\">\r\n                                    <div class=\"ct-list-icon\">\r\n                        <i aria-hidden=\"true\" class=\"far fa-check-circle\"><\/i>                    <\/div>\r\n                            \t<div class=\"ct-list-content\">\r\n                    \t            \t  Tulbur\u0103ri de anxietate \u0219i stres                    \t            <\/div>\r\n           <\/div>\r\n                    <div class=\"ct-list-item  off-border\">\r\n                                    <div class=\"ct-list-icon\">\r\n                        <i aria-hidden=\"true\" class=\"far fa-check-circle\"><\/i>                    <\/div>\r\n                            \t<div class=\"ct-list-content\">\r\n                    \t            \t  St\u0103ri depresive \u0219i epuizare                    \t            <\/div>\r\n           <\/div>\r\n                    <div class=\"ct-list-item  off-border\">\r\n                                    <div class=\"ct-list-icon\">\r\n                        <i aria-hidden=\"true\" class=\"far fa-check-circle\"><\/i>                    <\/div>\r\n                            \t<div class=\"ct-list-content\">\r\n                    \t            \t  Crize de via\u021b\u0103, pierdere \u0219i procese de schimbare                    \t            <\/div>\r\n           <\/div>\r\n            <\/div>\r\n\t\t\t\t<\/div>\n\t\t\t\t<\/div>\n\t\t            <\/div>\n        <\/div>\n                <div class=\"elementor-column elementor-col-50 elementor-inner-column elementor-element elementor-element-e9a5666 ct-column-none col-offset-none\" data-id=\"e9a5666\" data-element_type=\"column\" data-e-type=\"column\">\n        <div class=\"elementor-widget-wrap elementor-element-populated\">\n                    \n        \t\t<div class=\"elementor-element elementor-element-ac0c7d9 elementor-widget elementor-widget-ct_list\" data-id=\"ac0c7d9\" data-element_type=\"widget\" data-e-type=\"widget\" data-widget_type=\"ct_list.default\">\n\t\t\t\t<div class=\"elementor-widget-container\">\n\t\t\t\t\t    <div class=\"ct-list block\">\r\n                    <div class=\"ct-list-item  off-border\">\r\n                                    <div class=\"ct-list-icon\">\r\n                        <i aria-hidden=\"true\" class=\"far fa-check-circle\"><\/i>                    <\/div>\r\n                            \t<div class=\"ct-list-content\">\r\n                    \t            \t  Probleme de cuplu, rela\u021bionale \u0219i familiale                    \t            <\/div>\r\n           <\/div>\r\n                    <div class=\"ct-list-item  off-border\">\r\n                                    <div class=\"ct-list-icon\">\r\n                        <i aria-hidden=\"true\" class=\"far fa-check-circle\"><\/i>                    <\/div>\r\n                            \t<div class=\"ct-list-content\">\r\n                    \t            \t  Simptome psihosomatice                    \t            <\/div>\r\n           <\/div>\r\n                    <div class=\"ct-list-item  off-border\">\r\n                                    <div class=\"ct-list-icon\">\r\n                        <i aria-hidden=\"true\" class=\"far fa-check-circle\"><\/i>                    <\/div>\r\n                            \t<div class=\"ct-list-content\">\r\n                    \t            \t  Menopauz\u0103 \u0219i perimenopauz\u0103                    \t            <\/div>\r\n           <\/div>\r\n            <\/div>\r\n\t\t\t\t<\/div>\n\t\t\t\t<\/div>\n\t\t            <\/div>\n        <\/div>\n                    <\/div>\n        <\/section>\n        \t\t<div class=\"elementor-element elementor-element-77ec62b elementor-widget elementor-widget-ct_heading\" data-id=\"77ec62b\" data-element_type=\"widget\" data-e-type=\"widget\" data-widget_type=\"ct_heading.default\">\n\t\t\t\t<div class=\"elementor-widget-container\">\n\t\t\t\t\t<div id=\"ct_heading-77ec62b\" class=\"ct-heading h-align-left item-st-default\">\r\n    <div class=\"heading-wrapper\">\r\n        <div class=\"inner-heading\">\r\n                        <h3 class=\"item--title case-animate-time st-default \" data-wow-delay=\"ms\">\r\n                <span>Experien\u021b\u0103 profesional\u0103 <\/span>            <\/h3>\r\n        <\/div>\r\n    <\/div>\r\n<\/div>\r\n\t\t\t\t<\/div>\n\t\t\t\t<\/div>\n\t\t\t\t<div class=\"elementor-element elementor-element-1f4a2a9 elementor-widget elementor-widget-ct_text_editor\" data-id=\"1f4a2a9\" data-element_type=\"widget\" data-e-type=\"widget\" data-widget_type=\"ct_text_editor.default\">\n\t\t\t\t<div class=\"elementor-widget-container\">\n\t\t\t\t\t<div id=\"ct_text_editor-1f4a2a9\" class=\"ct-text-editor \" data-wow-delay=\"ms\">\n\t<div class=\"ct-inline-css\"  data-css=\"\n        \t\t\">\n    <\/div>\n\t<div class=\"ct-text-editor elementor-clearfix\">\n\t\t<p>2013\u20132016 \u2013 Asocia\u021bia Ascendent pentru sprijinirea copilului \u0219i adolescentului, Ro<\/p><p>2016\u2013prezent \u2013 Practic\u0103 independent\u0103 de psihoterapie, inclusiv terapie online<\/p><p>2016\u20132018 \u2013 Asociatie Maternologie<\/p><p>2018\u20132024 \u2013 USS GmbH, consiliere psihologic\u0103, Germania<\/p><p>2026 \u2013 Psyhotherapie Weinberg Gmbh<\/p><h3><strong><span class=\"TextRun SCXW140791434 BCX0\" data-contrast=\"auto\"><span class=\"NormalTextRun SCXW140791434 BCX0\">Formare \u0219i specializ\u0103ri<\/span><\/span><span class=\"EOP SCXW140791434 BCX0\" data-ccp-props=\"{}\">\u00a0<\/span><\/strong><\/h3><p>2012\u20132015 \u2013 Formare \u00een psihoterapie, SPER<\/p><p>2013 \u2013 Diplom\u0103 de coaching, Ministerul Muncii, Familiei \u0219i Protec\u021biei Sociale, Ro<\/p><p>2016 \u2013 Workshop \u201eTrauma psihic\u0103: recunoa\u0219tere \u0219i vindecare\u201d<\/p><p>2018\u20132019 \u2013 Terapie sistemic\u0103 \u0219i consiliere orientat\u0103 spre solu\u021bii, Germania<\/p><p>2022\u20132023 \u2013 Recall Healing Institute \u2013 lucru cu r\u0103d\u0103cinile emo\u021bionale ale simptomelor<\/p><p>2024\u20132025 \u2013 Conflict \u0219i mediere, IU Akademie, Germania<\/p><p>2025 \u2013 Menopauz\u0103 \u0219i Perimenopauz\u0103, IWH<\/p><p>2025 \u2013 Meditation Practitioner, Priority Academy<\/p>\t\t\n\t<\/div>\n<\/div>\t\t\t\t<\/div>\n\t\t\t\t<\/div>\n\t\t            <\/div>\n        <\/div>\n                    <\/div>\n        <\/section>\n        \t\t<\/div>\n\t\t","protected":false},"excerpt":{"rendered":"<p>Catalina Parau Psihoterapeut\u0103 FSP \u00a0 Despre mine \u2013 Psihoterapeut\u0103 De mul\u021bi ani \u00eenso\u021besc oamenii pe drumul lor c\u0103tre mai mult\u0103 claritate interioar\u0103, echilibru emo\u021bional \u0219i o stare de bine autentic\u0103. \u00cemi desf\u0103\u0219or activitatea \u00een cadrul cabinetului Weinberg (https:\/\/psychotherapie-weinberg.ch\/team\/), un spa\u021biu sigur \u0219i confiden\u021bial, \u00een care dezvoltarea personal\u0103 \u0219i \u00eent\u00e2lnirea autentic\u0103 devin posibile. Pentru mine, psihoterapia [&hellip;]<\/p>\n","protected":false},"author":1,"featured_media":0,"parent":0,"menu_order":0,"comment_status":"closed","ping_status":"closed","template":"","meta":{"footnotes":""},"class_list":["post-738","page","type-page","status-publish","hentry"],"yoast_head":"<!-- This site is optimized with the Yoast SEO plugin v27.2 - https:\/\/yoast.com\/product\/yoast-seo-wordpress\/ -->\n<title>Despre mine | Psihoterapeut\u0103 \u00een Z\u00fcrich | Catalina Parau<\/title>\n<meta name=\"description\" content=\"Face\u021bi cuno\u0219tin\u021b\u0103 cu psihoterapeuta de la Ruhepraxis. Psihoterapie con\u0219tient\u0103 \u00een Z\u00fcrich \u0219i online, pentru mai mult\u0103 lini\u0219te interioar\u0103, stabilitate \u0219i \u00eencredere \u00een sine.\" \/>\n<meta name=\"robots\" content=\"index, follow, max-snippet:-1, max-image-preview:large, max-video-preview:-1\" \/>\n<link rel=\"canonical\" href=\"https:\/\/ruhepraxis.ch\/ro\/despre-mine\/\" \/>\n<meta property=\"og:locale\" content=\"ro_RO\" \/>\n<meta property=\"og:type\" content=\"article\" \/>\n<meta property=\"og:title\" content=\"Despre mine | Psihoterapeut\u0103 \u00een Z\u00fcrich | Catalina Parau\" \/>\n<meta property=\"og:description\" content=\"Face\u021bi cuno\u0219tin\u021b\u0103 cu psihoterapeuta de la Ruhepraxis. Psihoterapie con\u0219tient\u0103 \u00een Z\u00fcrich \u0219i online, pentru mai mult\u0103 lini\u0219te interioar\u0103, stabilitate \u0219i \u00eencredere \u00een sine.\" \/>\n<meta property=\"og:url\" content=\"https:\/\/ruhepraxis.ch\/ro\/despre-mine\/\" \/>\n<meta property=\"og:site_name\" content=\"Psihoterapie | G\u0103sirea lini\u0219tii interioare | Catalina Parau\" \/>\n<meta property=\"article:modified_time\" content=\"2026-02-20T13:31:50+00:00\" \/>\n<meta property=\"og:image\" content=\"https:\/\/ruhepraxis.ch\/ro\/wp-content\/uploads\/2026\/02\/Catalina-599x762.webp\" \/>\n<meta name=\"twitter:card\" content=\"summary_large_image\" \/>\n<meta name=\"twitter:label1\" content=\"Timp estimat pentru citire\" \/>\n\t<meta name=\"twitter:data1\" content=\"2 minute\" \/>\n<script type=\"application\/ld+json\" class=\"yoast-schema-graph\">{\"@context\":\"https:\/\/schema.org\",\"@graph\":[{\"@type\":\"WebPage\",\"@id\":\"https:\/\/ruhepraxis.ch\/ro\/despre-mine\/\",\"url\":\"https:\/\/ruhepraxis.ch\/ro\/despre-mine\/\",\"name\":\"Despre mine | Psihoterapeut\u0103 \u00een Z\u00fcrich | Catalina Parau\",\"isPartOf\":{\"@id\":\"https:\/\/ruhepraxis.ch\/ro\/#website\"},\"primaryImageOfPage\":{\"@id\":\"https:\/\/ruhepraxis.ch\/ro\/despre-mine\/#primaryimage\"},\"image\":{\"@id\":\"https:\/\/ruhepraxis.ch\/ro\/despre-mine\/#primaryimage\"},\"thumbnailUrl\":\"https:\/\/ruhepraxis.ch\/ro\/wp-content\/uploads\/2026\/02\/Catalina-599x762.webp\",\"datePublished\":\"2022-02-24T15:35:54+00:00\",\"dateModified\":\"2026-02-20T13:31:50+00:00\",\"description\":\"Face\u021bi cuno\u0219tin\u021b\u0103 cu psihoterapeuta de la Ruhepraxis. Psihoterapie con\u0219tient\u0103 \u00een Z\u00fcrich \u0219i online, pentru mai mult\u0103 lini\u0219te interioar\u0103, stabilitate \u0219i \u00eencredere \u00een sine.\",\"breadcrumb\":{\"@id\":\"https:\/\/ruhepraxis.ch\/ro\/despre-mine\/#breadcrumb\"},\"inLanguage\":\"ro-RO\",\"potentialAction\":[{\"@type\":\"ReadAction\",\"target\":[\"https:\/\/ruhepraxis.ch\/ro\/despre-mine\/\"]}]},{\"@type\":\"ImageObject\",\"inLanguage\":\"ro-RO\",\"@id\":\"https:\/\/ruhepraxis.ch\/ro\/despre-mine\/#primaryimage\",\"url\":\"https:\/\/ruhepraxis.ch\/ro\/wp-content\/uploads\/2026\/02\/Catalina-599x762.webp\",\"contentUrl\":\"https:\/\/ruhepraxis.ch\/ro\/wp-content\/uploads\/2026\/02\/Catalina-599x762.webp\"},{\"@type\":\"BreadcrumbList\",\"@id\":\"https:\/\/ruhepraxis.ch\/ro\/despre-mine\/#breadcrumb\",\"itemListElement\":[{\"@type\":\"ListItem\",\"position\":1,\"name\":\"Startseite\",\"item\":\"https:\/\/ruhepraxis.ch\/ro\/\"},{\"@type\":\"ListItem\",\"position\":2,\"name\":\"Despre mine\"}]},{\"@type\":\"WebSite\",\"@id\":\"https:\/\/ruhepraxis.ch\/ro\/#website\",\"url\":\"https:\/\/ruhepraxis.ch\/ro\/\",\"name\":\"Ruhepraxis\",\"description\":\"Psihoterapie, coaching \u0219i neuropsihologie \u00een Z\u00fcrich\",\"publisher\":{\"@id\":\"https:\/\/ruhepraxis.ch\/ro\/#\/schema\/person\/82cbfcfe8cda4254fa5e61e2d1e5ee29\"},\"alternateName\":\"Ruhepraxis Z\u00fcrich\",\"potentialAction\":[{\"@type\":\"SearchAction\",\"target\":{\"@type\":\"EntryPoint\",\"urlTemplate\":\"https:\/\/ruhepraxis.ch\/ro\/?s={search_term_string}\"},\"query-input\":{\"@type\":\"PropertyValueSpecification\",\"valueRequired\":true,\"valueName\":\"search_term_string\"}}],\"inLanguage\":\"ro-RO\"},{\"@type\":[\"Person\",\"Organization\"],\"@id\":\"https:\/\/ruhepraxis.ch\/ro\/#\/schema\/person\/82cbfcfe8cda4254fa5e61e2d1e5ee29\",\"name\":\"Catalina Parau\",\"image\":{\"@type\":\"ImageObject\",\"inLanguage\":\"ro-RO\",\"@id\":\"https:\/\/ruhepraxis.ch\/ro\/wp-content\/uploads\/2026\/02\/Catalina.webp\",\"url\":\"https:\/\/ruhepraxis.ch\/ro\/wp-content\/uploads\/2026\/02\/Catalina.webp\",\"contentUrl\":\"https:\/\/ruhepraxis.ch\/ro\/wp-content\/uploads\/2026\/02\/Catalina.webp\",\"width\":599,\"height\":820,\"caption\":\"Catalina Parau\"},\"logo\":{\"@id\":\"https:\/\/ruhepraxis.ch\/ro\/wp-content\/uploads\/2026\/02\/Catalina.webp\"},\"sameAs\":[\"https:\/\/ruhepraxis.ch\/ro\"]}]}<\/script>\n<!-- \/ Yoast SEO plugin. -->","yoast_head_json":{"title":"Despre mine | Psihoterapeut\u0103 \u00een Z\u00fcrich | Catalina Parau","description":"Face\u021bi cuno\u0219tin\u021b\u0103 cu psihoterapeuta de la Ruhepraxis. Psihoterapie con\u0219tient\u0103 \u00een Z\u00fcrich \u0219i online, pentru mai mult\u0103 lini\u0219te interioar\u0103, stabilitate \u0219i \u00eencredere \u00een sine.","robots":{"index":"index","follow":"follow","max-snippet":"max-snippet:-1","max-image-preview":"max-image-preview:large","max-video-preview":"max-video-preview:-1"},"canonical":"https:\/\/ruhepraxis.ch\/ro\/despre-mine\/","og_locale":"ro_RO","og_type":"article","og_title":"Despre mine | Psihoterapeut\u0103 \u00een Z\u00fcrich | Catalina Parau","og_description":"Face\u021bi cuno\u0219tin\u021b\u0103 cu psihoterapeuta de la Ruhepraxis. Psihoterapie con\u0219tient\u0103 \u00een Z\u00fcrich \u0219i online, pentru mai mult\u0103 lini\u0219te interioar\u0103, stabilitate \u0219i \u00eencredere \u00een sine.","og_url":"https:\/\/ruhepraxis.ch\/ro\/despre-mine\/","og_site_name":"Psihoterapie | G\u0103sirea lini\u0219tii interioare | Catalina Parau","article_modified_time":"2026-02-20T13:31:50+00:00","og_image":[{"url":"https:\/\/ruhepraxis.ch\/ro\/wp-content\/uploads\/2026\/02\/Catalina-599x762.webp","type":"","width":"","height":""}],"twitter_card":"summary_large_image","twitter_misc":{"Timp estimat pentru citire":"2 minute"},"schema":{"@context":"https:\/\/schema.org","@graph":[{"@type":"WebPage","@id":"https:\/\/ruhepraxis.ch\/ro\/despre-mine\/","url":"https:\/\/ruhepraxis.ch\/ro\/despre-mine\/","name":"Despre mine | Psihoterapeut\u0103 \u00een Z\u00fcrich | Catalina Parau","isPartOf":{"@id":"https:\/\/ruhepraxis.ch\/ro\/#website"},"primaryImageOfPage":{"@id":"https:\/\/ruhepraxis.ch\/ro\/despre-mine\/#primaryimage"},"image":{"@id":"https:\/\/ruhepraxis.ch\/ro\/despre-mine\/#primaryimage"},"thumbnailUrl":"https:\/\/ruhepraxis.ch\/ro\/wp-content\/uploads\/2026\/02\/Catalina-599x762.webp","datePublished":"2022-02-24T15:35:54+00:00","dateModified":"2026-02-20T13:31:50+00:00","description":"Face\u021bi cuno\u0219tin\u021b\u0103 cu psihoterapeuta de la Ruhepraxis. Psihoterapie con\u0219tient\u0103 \u00een Z\u00fcrich \u0219i online, pentru mai mult\u0103 lini\u0219te interioar\u0103, stabilitate \u0219i \u00eencredere \u00een sine.","breadcrumb":{"@id":"https:\/\/ruhepraxis.ch\/ro\/despre-mine\/#breadcrumb"},"inLanguage":"ro-RO","potentialAction":[{"@type":"ReadAction","target":["https:\/\/ruhepraxis.ch\/ro\/despre-mine\/"]}]},{"@type":"ImageObject","inLanguage":"ro-RO","@id":"https:\/\/ruhepraxis.ch\/ro\/despre-mine\/#primaryimage","url":"https:\/\/ruhepraxis.ch\/ro\/wp-content\/uploads\/2026\/02\/Catalina-599x762.webp","contentUrl":"https:\/\/ruhepraxis.ch\/ro\/wp-content\/uploads\/2026\/02\/Catalina-599x762.webp"},{"@type":"BreadcrumbList","@id":"https:\/\/ruhepraxis.ch\/ro\/despre-mine\/#breadcrumb","itemListElement":[{"@type":"ListItem","position":1,"name":"Startseite","item":"https:\/\/ruhepraxis.ch\/ro\/"},{"@type":"ListItem","position":2,"name":"Despre mine"}]},{"@type":"WebSite","@id":"https:\/\/ruhepraxis.ch\/ro\/#website","url":"https:\/\/ruhepraxis.ch\/ro\/","name":"Ruhepraxis","description":"Psihoterapie, coaching \u0219i neuropsihologie \u00een Z\u00fcrich","publisher":{"@id":"https:\/\/ruhepraxis.ch\/ro\/#\/schema\/person\/82cbfcfe8cda4254fa5e61e2d1e5ee29"},"alternateName":"Ruhepraxis Z\u00fcrich","potentialAction":[{"@type":"SearchAction","target":{"@type":"EntryPoint","urlTemplate":"https:\/\/ruhepraxis.ch\/ro\/?s={search_term_string}"},"query-input":{"@type":"PropertyValueSpecification","valueRequired":true,"valueName":"search_term_string"}}],"inLanguage":"ro-RO"},{"@type":["Person","Organization"],"@id":"https:\/\/ruhepraxis.ch\/ro\/#\/schema\/person\/82cbfcfe8cda4254fa5e61e2d1e5ee29","name":"Catalina Parau","image":{"@type":"ImageObject","inLanguage":"ro-RO","@id":"https:\/\/ruhepraxis.ch\/ro\/wp-content\/uploads\/2026\/02\/Catalina.webp","url":"https:\/\/ruhepraxis.ch\/ro\/wp-content\/uploads\/2026\/02\/Catalina.webp","contentUrl":"https:\/\/ruhepraxis.ch\/ro\/wp-content\/uploads\/2026\/02\/Catalina.webp","width":599,"height":820,"caption":"Catalina Parau"},"logo":{"@id":"https:\/\/ruhepraxis.ch\/ro\/wp-content\/uploads\/2026\/02\/Catalina.webp"},"sameAs":["https:\/\/ruhepraxis.ch\/ro"]}]}},"_links":{"self":[{"href":"https:\/\/ruhepraxis.ch\/ro\/wp-json\/wp\/v2\/pages\/738","targetHints":{"allow":["GET"]}}],"collection":[{"href":"https:\/\/ruhepraxis.ch\/ro\/wp-json\/wp\/v2\/pages"}],"about":[{"href":"https:\/\/ruhepraxis.ch\/ro\/wp-json\/wp\/v2\/types\/page"}],"author":[{"embeddable":true,"href":"https:\/\/ruhepraxis.ch\/ro\/wp-json\/wp\/v2\/users\/1"}],"replies":[{"embeddable":true,"href":"https:\/\/ruhepraxis.ch\/ro\/wp-json\/wp\/v2\/comments?post=738"}],"version-history":[{"count":18,"href":"https:\/\/ruhepraxis.ch\/ro\/wp-json\/wp\/v2\/pages\/738\/revisions"}],"predecessor-version":[{"id":7303,"href":"https:\/\/ruhepraxis.ch\/ro\/wp-json\/wp\/v2\/pages\/738\/revisions\/7303"}],"wp:attachment":[{"href":"https:\/\/ruhepraxis.ch\/ro\/wp-json\/wp\/v2\/media?parent=738"}],"curies":[{"name":"wp","href":"https:\/\/api.w.org\/{rel}","templated":true}]}}